{"id":1084,"date":"2024-10-24T09:20:22","date_gmt":"2024-10-24T07:20:22","guid":{"rendered":"http:\/\/assisenadvocaat.be\/?page_id=1084"},"modified":"2026-03-05T14:17:47","modified_gmt":"2026-03-05T13:17:47","slug":"algemene-voorwaarden","status":"publish","type":"page","link":"https:\/\/assisenadvocaat.be\/fr\/algemene-voorwaarden","title":{"rendered":"Conditions g\u00e9n\u00e9rales d'utilisation"},"content":{"rendered":"\n<h2 class=\"wp-block-heading\">1. <strong>Definities<\/strong><\/h2>\n\n\n\n<p>1.1. \u00a0\u00a0\u00a0\u00a0 De dienstverlener van de prestaties (waaronder advies, bijstand, bemiddeling, onderhandelingen procedurevoering, e.d.m.) is <strong>Bannister BV<\/strong> (hierna \u2018Bannister\u2019 of \u2018het advocatenkantoor\u2019 of \u2018wij\u2019), een besloten vennootschap met beperkte aansprakelijkheid, met zetel te B-2000 (Antwerpen (Belgi\u00eb), Suikerrui 5, KBO 0543.311.054, telefoon +32 (0)3 369 28 00 , faxnummer +32 (0)3 369 28 01, <a href=\"https:\/\/www.bannister.be\/\" target=\"_blank\" rel=\"noopener\"><u>website<\/u><\/a> en kantoorrekening BE57 0689 0315 8135 (BIC GKCCBEBB), derdenrekening BE57 6301 1503 9635 (BIC BBRUBEBB).<\/p>\n\n\n\n<p>De advocaten verbonden aan Bannister leveren hun diensten in naam en voor rekening van Bannister en deze advocaten zijn tevens aangesloten bij de balie van Antwerpen, en zijn derhalve onderworpen aan de regels van de Orde van Vlaamse Balies alsook de Antwerpse Balie.<\/p>\n\n\n\n<p>1.2. &nbsp;&nbsp;&nbsp;&nbsp; <strong>Cli\u00ebnt<\/strong> is de natuurlijke persoon of de juridische entiteit die beroep doet op de diensten van Bannister BV.<\/p>\n\n\n\n<h2 class=\"wp-block-heading\">2. <strong>Toepassingsgebied<\/strong><\/h2>\n\n\n\n<p>2.1. &nbsp;&nbsp;&nbsp;&nbsp; Deze algemene voorwaarden zijn van toepassing op alle diensten die Bannister aan de Client levert, en vormen aldus een integraal deel van de overeenkomst tussen Bannister en de Cli\u00ebnt.<\/p>\n\n\n\n<p>2.2. &nbsp;&nbsp;&nbsp;&nbsp; Bannister behoudt zich het recht voor om deze algemene voorwaarden te wijzigen.<\/p>\n\n\n\n<p>2.3. &nbsp;&nbsp;&nbsp;&nbsp; Een advocaat-stagiair verbonden aan Bannister kan tijdens de duur van zijn\/haar stagejaren opgelegd door de balie zaken in eigen naam behandelen. Indien de advocaat in die of andere welbepaalde omstandigheden zijn\/haar eigen briefpapier gebruikt, zal er geen contractuele band ontstaan met Bannister in voorkomend geval is de advocaat in kwestie de enige contractuele partij van zijn\/haar Cli\u00ebnt.<\/p>\n\n\n\n<p><strong>2.4. &nbsp;&nbsp;&nbsp; Het aanvaarden van deze algemene samenwerkingsvoorwaarden is voor Bannister een essenti\u00eble voorwaarde voor onze samenwerking, hetgeen de Cli\u00ebnt aanvaardt. &nbsp;<\/strong><\/p>\n\n\n\n<h2 class=\"wp-block-heading\"><strong>3. Ereloon en facturatie<\/strong><\/h2>\n\n\n\n<p>3.1. &nbsp;&nbsp;&nbsp;&nbsp; Het ereloon dekt de prestaties van Bannister zo o.m., doch niet uitsluitend: de vertegenwoordiging voor de rechtbank, adviesverlening, vergadering, briefwisseling, onderhandelingen, telefoons, opzoekingen, voorbereiding van documenten, verplaatsingstijd e.d.m. Er wordt tevens ereloon aangerekend voor telefonisch, geschreven en\/of telefonisch advies geleverd door Bannister.<\/p>\n\n\n\n<p>3.2. &nbsp;&nbsp;&nbsp;&nbsp; Het dossier zal behandeld worden conform de tarieven &nbsp;zoals per zaak afgesproken met Bannister. Het ereloon zal vermeerderd worden met 21% BTW.<\/p>\n\n\n\n<p>3.3. &nbsp;&nbsp;&nbsp;&nbsp; Bannister zal de prestaties, de onkosten en desgevallend de kosten betaald aan derden factureren aan de Cli\u00ebnt. In principe, en behoudens andersluidende afspraken, gebeurd dit maandelijks doch Bannister behoudt zich het recht voor de frequentie van facturatie te wijzigen.<\/p>\n\n\n\n<p>3.4. &nbsp;&nbsp;&nbsp;&nbsp; De dominus litis heeft de discretionaire bevoegdheid de te verrichten prestaties in het desbetreffende dossier te verdelen onder zijn advocaten-medewerkers en\/of advocaten-stagiairs.<\/p>\n\n\n\n<p>3.5. \u00a0\u00a0\u00a0\u00a0 De kosten van het advocatenkantoor betreft een forfaitaire administratieve vergoeding van 8% (dit omvat o.a. secretariaatskosten, briefwisseling, conclusies, contracten, nota\u2019s, verzoekschrift, dagvaarding, etc.). Dit is exclusief 84,70\u20ac voor dossieropening alsook een verplaatsingsvergoeding van 0,484 \u20ac\/km, (incl. 21% BTW).<\/p>\n\n\n\n<p>3.6. &nbsp;&nbsp;&nbsp;&nbsp; Het advocatenkantoor kan voor de aanvang van de opdracht en lopende de behandeling van de zaak \u00e9\u00e9n of meerdere voorschotten te vragen. Een voorschot is het forfaitair bedrag dat de Cli\u00ebnt betaalt en dit voorafgaand aan een gedetailleerde staat van kosten en ereloon. In de eindstaat van kosten en ereloon worden deze betaalde voorschotten op het totale bedrag in mindering gebracht.<\/p>\n\n\n\n<p>3.7. &nbsp;&nbsp;&nbsp;&nbsp; De Cli\u00ebnt dient de voorschotten, de facturen en de eindstaat te betalen binnen de 15 kalenderdagen na datum van het betalingsverzoek, behoudens andersluidende afspraken. Indien de Cli\u00ebnt niet akkoord gaat met het gevraagde voorschot of de eindstaat moet hij deze binnen 8 kalenderdagen na ontvangst schriftelijk protesteren. Een detail van de geleverde prestaties is op eerste vraag beschikbaar.<\/p>\n\n\n\n<h2 class=\"wp-block-heading\"><strong>4. Betalingsvoorwaarden<\/strong><\/h2>\n\n\n\n<p>4.1. &nbsp;&nbsp;&nbsp;&nbsp; Ten aanzien van consumenten:<\/p>\n\n\n\n<p>In geval van wanbetaling van het geheel of een gedeelte van de facturen en\/of ereloonnota\u2019s, zijn de bepalingen uit boek XIX&nbsp; van het Wetboek Economisch Recht van toepassing, en zal het advocatenkantoor de Cli\u00ebnt een gratis herinnering sturen om het verschuldigde bedrag te voldoen binnen 14 kalenderdagen.<\/p>\n\n\n\n<p>Betaalt de Cli\u00ebnt niet binnen die termijn, dan wordt het openstaande bedrag verhoogd met een jaarlijkse intrest berekend tegen de referentie-interestvoet vermeerderd met acht procentpunten bedoeld in artikel 5, tweede lid, van de wet van 2 augustus 2002 betreffende de bestrijding van de betalingsachterstand bij handelstransacties berekend vanaf de kalenderdag die volgt op de dag waarop de gratis herinnering aan de klant werd verstuurd, <strong><u>en<\/u><\/strong> met een forfaitaire vergoeding van:<\/p>\n\n\n\n<ol class=\"wp-block-list\">\n<li>20 euro als het verschuldigde saldo lager dan of gelijk aan 150 euro is;<\/li>\n\n\n\n<li>30 euro vermeerderd met 10 % van het verschuldigde bedrag op de schijf tussen 150,01 en 500 euro als het verschuldigde saldo tussen 150,01 en 500 euro is;<\/li>\n\n\n\n<li>65 euro vermeerderd met 5 % van het verschuldigde bedrag op de schijf boven 500 euro met een maximum van 2000 euro als het verschuldigde saldo hoger dan 500 euro is.<\/li>\n<\/ol>\n\n\n\n<p>Bovendien kan het advocatenkantoor \u2013 na ingebrekestelling \u2013 zijn prestaties opschorten of zelfs de samenwerking be\u00ebindigen in geval van laattijdige betalingen. In geval de prestaties worden geschorst of de samenwerking wordt be\u00ebindigd omwille van wanbetaling door de Cli\u00ebnt, dan kan in geen enkel geval het advocatenkantoor enige aansprakelijkheid worden verweten in geval er schade zou ontstaan ten gevolge van deze schorsing of be\u00ebindiging.<\/p>\n\n\n\n<p>4.2. &nbsp;&nbsp;&nbsp;&nbsp; Ten aanzien van professionelen \/ ondernemingen:<\/p>\n\n\n\n<p>In geval van wanbetaling van het geheel of een gedeelte van de facturen en\/of ereloonnota\u2019s, zal de Cli\u00ebnt van rechtswege en zonder dat een ingebrekestelling is vereist, gehouden zijn tot:<\/p>\n\n\n\n<ul class=\"wp-block-list\">\n<li>een intrestvergoeding gelijk aan deze bepaald in artikel 5 van de Wet op de bestrijding van de betalingsachterstand van 2 augustus 2002, <strong><u>en<\/u><\/strong><\/li>\n\n\n\n<li>een conventionele schadevergoeding waarvan het bedrag forfaitair wordt bepaald op 10 % van de onbetaalde bedragen.<\/li>\n<\/ul>\n\n\n\n<p>Bovendien kan het advocatenkantoor \u2013 na ingebrekestelling \u2013 zijn prestaties opschorten of zelfs de samenwerking be\u00ebindigen in geval van laattijdige betalingen. In geval de prestaties worden geschorst of de samenwerking wordt be\u00ebindigd omwille van wanbetaling door de Cli\u00ebnt, dan kan in geen enkel geval het advocatenkantoor enige aansprakelijkheid worden verweten in geval er schade zou ontstaan ten gevolge van deze schorsing of be\u00ebindiging.<\/p>\n\n\n\n<p>4.3. &nbsp;&nbsp;&nbsp;&nbsp; Het advocatenkantoor behoudt zich het recht voor om de in dit mandaat gepreciseerde erelonen aan te passen aan het indexcijfer der consumptieprijzen. Bij de berekening van de indexatie zal als aanvangsindex worden aangenomen het indexcijfer van de maand die de ondertekening van dit mandaat voorafgaat en als nieuwe index deze van de maand voorafgaand aan de verjaardag van de ondertekening van dit mandaat en de inwerkingtreding van de overeenkomst.<\/p>\n\n\n\n<p>4.4. &nbsp;&nbsp;&nbsp;&nbsp; De Cli\u00ebnt informeert het advocatenkantoor over eventuele tussenkomst van haar (rechtsbijstands-)verzekeraar en indien de Cli\u00ebnt niet over deze informatie beschikt zal hij\/zij zich rechtstreeks richten tot haar verzekeraar en het advocatenkantoor daarvan inlichten. In de mate en voor zoveel een (rechtsbijstands-)verzekeraar van de Cli\u00ebnt tussenkomt, zal het advocatenkantoor gerechtigd zijn zich voor haar ereloon en kosten welke door een (rechtsbijstands-)verzekeraar niet worden gedekt of om welke reden dan ook niet ten laste worden genomen, deze kunnen verhalen op de Cli\u00ebnt.<\/p>\n\n\n\n<h2 class=\"wp-block-heading\"><strong>5. Alternatieve geschiloplossingen (ADR)<\/strong><\/h2>\n\n\n\n<p>Het advocatenkantoor informeert u over de mogelijkheid om een geschil voor te leggen aan de rechtbank. De wet (artikel 444, 2<sup>de<\/sup> lid, Gerechtelijk Wetboek) verplicht ons u informatie te geven over andere mogelijkheden die bestaan om dergelijk geschil op te lossen, zoals bijvoorbeeld klassieke rechtstreekse onderhandelingen, collaboratieve onderhandelingen, de minnelijke schikking door de rechter, bemiddeling, bindende derdenbeslissing of arbitrage. Het gaat om aangepaste geschiloplossingsmethoden, die gerechtelijk of buitengerechtelijk kunnen zijn.<\/p>\n\n\n\n<p>U dient er rekening mee te houden dat wanneer een procedure voor de rechtbank wordt opgestart, de rechtbank de partijen op de inleidingszitting kan bevragen over de wijze waarop zij voorafgaand aan de gerechtelijke procedure geprobeerd hebben het geschil minnelijk op te lossen (artikel 730\/1, \u00a72 Ger. W.). Het is ook mogelijk dat de rechtbank in dat verband uw persoonlijke verschijning beveelt. De rechtbank kan bovendien in bepaalde omstandigheden zelf een bemiddeling bevelen.<\/p>\n\n\n\n<h2 class=\"wp-block-heading\"><strong>6. Witwas<\/strong><\/h2>\n\n\n\n<p>Ondergetekende neemt nota van de toepasselijkheid van de Witwaspreventiewet van 12.01.2004, hetgeen voor de advocaat de wettelijke verplichting inhoudt tot identificatie van het cli\u00ebnteel en de melding van witwaspraktijken aan de Stafhouder van de balie te Antwerpen.<\/p>\n\n\n\n<h2 class=\"wp-block-heading\"><strong><strong>7. Beroep op derden<\/strong><\/strong><\/h2>\n\n\n\n<p>7.1. &nbsp;&nbsp;&nbsp;&nbsp; Naast de gebruikelijke taken die in het advocatenkantoor worden vervuld, gaat de Cli\u00ebnt akkoord dat het advocatenkantoor, onder verantwoordelijkheid van deze laatste, voor specifieke opdrachten een beroep kan doen op andere (buitenlandse) advocaten voor de uitvoering van zijn opdracht.<\/p>\n\n\n\n<p>7.2. &nbsp;&nbsp;&nbsp;&nbsp; Indien het voor de uitvoering van de opdracht noodzakelijk is dat een beroep wordt gedaan op een gerechtsdeurwaarder of een vertaler, laat de Cli\u00ebnt de keuze daarvan aan het advocatenkantoor.<\/p>\n\n\n\n<p>7.3. &nbsp;&nbsp;&nbsp;&nbsp; Het advocatenkantoor doet slechts met uitdrukkelijke toestemming van de Cli\u00ebnt een beroep op andere derden, zoals notarissen, deskundigen of accountants, gekozen in overleg met de Cli\u00ebnt.<\/p>\n\n\n\n<p>7.4. &nbsp;&nbsp;&nbsp;&nbsp; De kosten desbetreffend worden tegen kostprijs doorgerekend aan de Cli\u00ebnt.<\/p>\n\n\n\n<h2 class=\"wp-block-heading\">8. <strong><strong><strong>Aansprakelijkheid en aansprakelijkheidsbeperking<\/strong><\/strong><\/strong><\/h2>\n\n\n\n<p>8.1.&nbsp;&nbsp;&nbsp;&nbsp; De advocaten en bemiddelaars verbonden aan Bannister zijn ingevolge hun aansluiting bij de Balie individueel verzekerd voor hun beroepsaansprakelijkheid door middel van een door de Orde van Vlaamse Balies (verzekeringsnemer) afgesloten verzekering bij MS Amlin Insurance (leidende verzekeraar) en KBC Verzekeringen (medeverzekeraar), via de makelaar Vanbreda Risks &amp; Benefits (makelaar).<\/p>\n\n\n\n<p>Deze verzekering dekt aansprakelijkheden voor de aansprakelijkheidsverwekkende feiten die gebeurd zijn vanaf 1 januari 2013 en die zijn aangegeven tijdens de geldigheidsduur van deze overeenkomst voor de verzekerden die vanaf die datum zijn aangesloten. Voor de anderen geldt dekking vanaf hun datum van aansluiting ingevolge kennisgeving door de OVB.<\/p>\n\n\n\n<p>De tussenkomst van deze verzekeraar \u2013 onder de specifieke modaliteiten van de onderschreven verzekeringspolis \u2013 bedraagt maximaal 2.500.000,00 EUR per schadegeval.<\/p>\n\n\n\n<p>Deze dekking geldt voor alle landen, behalve de VS en Canada.<\/p>\n\n\n\n<p>Bannister verwijst voor wat betreft de specifieke voorwaarden van de verzekeringsdekking naar de tekst van voormelde verzekeringspolis, die alleszins voorrang heeft op de hierboven uiteengezette samenvatting.<\/p>\n\n\n\n<p>Een kopie van voornoemde polis wordt op eerste verzoek van de Cli\u00ebnt kosteloos ter beschikking gesteld.<\/p>\n\n\n\n<p>8.2.&nbsp;&nbsp;&nbsp;&nbsp; Elke aansprakelijkheid met betrekking tot werkzaamheden die door of namens ons zijn uitgevoerd, of die op een andere wijze verband houden met een opdracht die aan ons is gegeven, zijn in de mate van hetgeen wettelijk is toegelaten, beperkt tot het bedrag dat in het desbetreffende geval effectief wordt uitbetaald door voormelde beroepsaansprakelijkheidsverzekering, meer de gebeurlijk van toepassing zijnde vrijstelling. De Cli\u00ebnt neemt hiervan kennis en aanvaardt dit.<\/p>\n\n\n\n<p>8.3.&nbsp;&nbsp;&nbsp;&nbsp; Indien de beroepsaansprakelijkheidsverzekeraar de schade niet dekt, zonder dat het advocatenkantoor of haar advocaten of bemiddelaars hieraan fout hebben, wordt de schadevergoeding op grond van een beroepsfout van het advocatenkantoor of haar aangestelden beperkt in hoofdsom, kosten en intresten tot een bedrag ten belope van de aan het advocatenkantoor betaalde erelonen in het betreffende dossier en met een algeheel maximum van 50.000 EUR.<\/p>\n\n\n\n<p>8.4.&nbsp;&nbsp;&nbsp;&nbsp;&nbsp; Voormelde beperkingen van aansprakelijkheid zijn niet van toepassing in geval van opzet of bedrog van Bannister en\/of haar advocaten of bemiddelaars. Ingeval de Cli\u00ebnt een consument is in de zin van het Wetboek van Economisch Recht gelden voormelde beperkingen van aansprakelijkheid niet voor opzet, bedrog en\/of grove schuld van Bannister, haar advocaten of bemiddelaars, haar aangestelden of haar lasthebbers of, behoudens in geval van overmacht, voor het niet-uitvoeren van een verbintenis die een van de voornaamste prestaties van de overeenkomst vormt.<\/p>\n\n\n\n<p>8.5.&nbsp;&nbsp;&nbsp;&nbsp; Op schriftelijk verzoek van de Cli\u00ebnt kunnen wij een aanvullende verzekering afsluiten voor een welbepaald dossier waarbij de hieruit vloeiende extra kosten aan de Cli\u00ebnt kunnen worden doorgerekend.<\/p>\n\n\n\n<p>8.6.&nbsp;&nbsp;&nbsp;&nbsp; Bannister, haar advocaten en\/of bemiddelaars zijn niet aansprakelijk voor eventuele tekortkomingen van derden die worden ingeschakeld bij de uitvoering van hun dienstverlening, zelfs niet indien deze derden hun erelonen en kosten rechtstreeks aan Bannister of haar advocaten zouden aanrekenen.<\/p>\n\n\n\n<ol start=\"9\" class=\"wp-block-list\">\n<li><strong>Derdengelden<\/strong><\/li>\n<\/ol>\n\n\n\n<p>Het advocatenkantoor mag op de bedragen die hij ontvangt voor rekening van de Cli\u00ebnt sommen inhouden tot dekking van de openstaande provisies of staten van kosten en ereloon. Hij brengt de Cli\u00ebnt hiervan schriftelijk op de hoogte. Deze bepaling doet geen afbreuk aan het recht van de Cli\u00ebnt om de ereloonstaten te betwisten en betaling van deze ingehouden bedragen te vorderen.<\/p>\n\n\n\n<ol start=\"10\" class=\"wp-block-list\">\n<li><strong>Rechtsplegingsvergoeding (RPV)<\/strong><\/li>\n<\/ol>\n\n\n\n<p>Ondergetekende erkent dat hij op de hoogte is gebracht van de wet van 21 april 2007 betreffende verhaalbaarheid van erelonen en kosten verbonden aan de bijstand van de advocaat.<\/p>\n\n\n\n<ol start=\"11\" class=\"wp-block-list\">\n<li><strong>Communicatie<\/strong><\/li>\n<\/ol>\n\n\n\n<p>Het advocatenkantoor kan elektronisch met u communiceren op het door u opgegeven e-mailadres. De Cli\u00ebnt zal erop toezien dat hij controle heeft en houdt op dit e-mailadres en te verwittigen indien dit adres zou wijzigen. U aanvaardt de hieraan verbonden risico\u2019s, behalve in geval van grote nalatigheid of opzettelijk verzuim van onze kant.<\/p>\n\n\n\n<ol start=\"12\" class=\"wp-block-list\">\n<li><strong>Informatie en verwerking van persoonsgegevens<\/strong><\/li>\n<\/ol>\n\n\n\n<p>12.1. &nbsp;&nbsp; Het advocatenkantoor informeert de Cli\u00ebnt stipt over de uitvoering van zijn opdracht en over het verloop van de behandeling van de zaak.<\/p>\n\n\n\n<p>12.2. &nbsp;&nbsp; Cli\u00ebnt geeft stipt en gedurende de gehele duur van de opdracht, desgevallend op verzoek van het advocatenkantoor, alle nuttige informatie aan het advocatenkantoor.<\/p>\n\n\n\n<p>Cli\u00ebnt geeft de uitdrukkelijke toestemming aan het advocatenkantoor om deze informatie, en desgevallend de persoonsgegevens<sup>1<\/sup>, gegevens betreffende strafrechtelijke veroordelingen en strafbare feiten<sup>2<\/sup>&nbsp; en de bijzondere categorie\u00ebn van persoonsgegevens<sup>3<\/sup>&nbsp; die hierin begrepen zouden zijn, te verwerken<sup>4<\/sup>&nbsp; voor een of meer welbepaalde doeleinden zoals omschreven in het voorwerp van de dienstverlening en de taak van het advocatenkantoor onder punt 1.<\/p>\n\n\n\n<p>12.3. &nbsp;&nbsp; Bannister behoudt het recht om deze informatie te verwerken met het oog op zijn gerechtvaardigde belangen of deze van derden, de uitoefening van het fundamenteel recht op vrijheid van meningsuiting of informatie en\/of de instelling, uitoefening of onderbouwing van een rechtsvordering.<\/p>\n\n\n\n<p>12.4. &nbsp;&nbsp; Cli\u00ebnt heeft het recht om een verzoek tot inzage, correctie, verwijdering, gegevensoverdraging van zijn\/haar persoonsgegevens of verzoek tot intrekking van zijn\/haar toestemming of bezwaar op de verwerking van zijn\/haar persoonsgegevens aan de advocaat te richten<sup>5<\/sup>.<\/p>\n\n\n\n<p>12.5. &nbsp;&nbsp; Bannister verbindt zich ertoe om binnen een termijn van een (1) maand Cli\u00ebnt van een gemotiveerd antwoord op zijn\/haar verzoek te voorzien. Afhankelijk van de complexiteit van het (de) verzoek(en) en van het aantal verzoeken kan die termijn indien nodig met nog eens twee (2) maanden worden verlengd<sup>6<\/sup>.&nbsp; Dit antwoord moet op gemotiveerde wijze aangeven waarom het advocatenkantoor (niet) ingaat op het (de) gevraagde verzoek(en) van ondergetekende.<\/p>\n\n\n\n<p>12.6. &nbsp;&nbsp; Bannister behoudt zich desgevallend het recht voor een redelijke vergoeding aan te rekenen in het licht van de administratieve kosten waarmee het inwilligen van het (de) verzoek(en) gepaard gaat\/gaan.<\/p>\n\n\n\n<ol start=\"13\" class=\"wp-block-list\">\n<li><strong>Bevoegdheid<\/strong><\/li>\n<\/ol>\n\n\n\n<p>In geval van betwisting zullen mits naleving van deontologische voorschriften, de rechtbanken te Antwerpen bevoegd zijn en zullen deze het Belgisch recht toepassen.<\/p>\n\n\n\n<ol start=\"14\" class=\"wp-block-list\">\n<li><strong>Be\u00ebindiging<\/strong><\/li>\n<\/ol>\n\n\n\n<p>14.1.&nbsp;&nbsp; Zowel de Client als Bannister hebben het recht om de overeenkomst op ek moment met onmiddellijke ingang te be\u00ebindigen zonder opgaaf van reden. In het geval dat de Client een consument is, in de betekening van het Wetboek van Economisch Recht, mag Bannister de overeenkomst enkel be\u00ebindigen na een opzeggingstermijn van 2 weken .<\/p>\n\n\n\n<p>14.2. &nbsp;&nbsp; Het contract zal be\u00ebindigd worden middels schriftelijke mededeling.<\/p>\n\n\n\n<p>14.3. &nbsp;&nbsp; De Cli\u00ebnt zal in geval van be\u00ebindiging gehouden zijn om alle geleverde prestaties en gemaakte kosten tot op de datum van be\u00ebindiging te vergoeden. Bannister zal het dossier op eerste verzoek terugbezorgen aan de Cli\u00ebnt.<\/p>\n\n\n\n<p>14.4. &nbsp;&nbsp; Bannister is niet aansprakelijk voor enige schade die voortvloeit uit de be\u00ebindiging&nbsp; van de overeenkomst met of door de Cli\u00ebnt.<\/p>\n\n\n\n<ol start=\"15\" class=\"wp-block-list\">\n<li><strong>Archivering<\/strong><\/li>\n<\/ol>\n\n\n\n<p>Alle informatie over het verwerken, de veiligheid en de opslag van persoonlijke data is beschikbaar in de <a href=\"https:\/\/www.bannister.be\/privacyverklaring\/\" target=\"_blank\" rel=\"noopener\">privacyverklaring<\/a>.<\/p>\n\n\n\n<ol start=\"16\" class=\"wp-block-list\">\n<li><strong>Ongeldigheid\/nietigheid<\/strong><\/li>\n<\/ol>\n\n\n\n<p>16.1. &nbsp;&nbsp; Indien \u00e9\u00e9n of meer clausules van deze algemene voorwaarden nietig, ongeldig of niet afdwingbaar zouden zijn dan zullen deze niet de geldigheid van de overige voorwaarden aantasten. Zij zullen vervangen worden door clausules met een inhoud die zo dicht mogelijk aansluit bij de initi\u00eble bedoeling van de partij.<\/p>\n\n\n\n<p>16.2. &nbsp;&nbsp; De Nederlandste tekst van de algemene voorwaarden zal steeds voorrang hebben op de vertalingen in het Engels of Frans.<\/p>\n\n\n\n<p>16.3. &nbsp;&nbsp; In geval van tegenstrijdigheid van \u00e9\u00e9n van de artikelen vermeld de algemene voorwaarden en het mandaat, dan zal de tekst van het mandaat voorrang hebben op de algemene voorwaarden.<\/p>\n\n\n\n<p><em>Versie van toepassing vanaf 15 september 2023<\/em><\/p>\n\n\n\n<p><em><sup>[1]<\/sup> Persoonsgegevens dienen begrepen te worden in de zin van art. 4, 1) van de Algemene Verordening Gegevensbescherming als \u201calle informatie over een ge\u00efdentificeerde of identificeerbare natuurlijke persoon (\u201ede betrokkene\u201d); als identificeerbaar wordt beschouwd een natuurlijke persoon die direct of indirect kan worden ge\u00efdentificeerd, met name aan de hand van een identificator zoals een naam, een identificatienummer, locatiegegevens, een online identificator of van een of meer elementen die kenmerkend zijn voor de fysieke, fysiologische, genetische, psychische, economische, culturele of sociale identiteit van die natuurlijke persoon;<\/em><\/p>\n\n\n\n<p><em><sup>2<\/sup> Conform artikel 10 Algemene Verordening Gegevensverwerking.<\/em><\/p>\n\n\n\n<p><sup>3<\/sup><em> Conform artikel 9, 1) Algemene Verordening Gegevensbescherming betreft dit persoonsgegevens waaruit ras of etnische afkomst, politieke opvattingen, religieuze of levensbeschouwelijke overtuigingen, of het lidmaatschap van een vakbond blijken, en verwerking van genetische gegevens, biometrische gegevens met het oog op de unieke identificatie van een persoon, of gegevens over gezondheid, of gegevens met betrekking tot iemands seksueel gedrag of seksuele gerichtheid blijkt.<\/em><\/p>\n\n\n\n<p><em><sup>4<\/sup> Conform artikel 4, 2) van Algemene Verordening Gegevensverwerking is een verwerking: een bewerking of een geheel van bewerkingen met betrekking tot persoonsgegevens of een geheel van persoonsgegevens, al dan niet uitgevoerd via geautomatiseerde proced\u00e9s, zoals het verzamelen, vastleggen, ordenen, structureren, opslaan, bijwerken of wijzigen, opvragen, raadplegen, gebruiken, verstrekken door middel van doorzending, verspreiden of op andere wijze ter beschikking stellen, aligneren of combineren, afschermen, wissen of vernietigen van gegevens.<\/em><\/p>\n\n\n\n<p><em><sup>5<\/sup> Conform artikel 12 en verder van de Algemene Verordening Gegevensbescherming.<\/em><\/p>\n\n\n\n<p><em><sup>6<\/sup> Conform artikel 12 van de Algemene Verordening Gegevensbescherming.<\/em><\/p>\n\n\n\n<p>Download hier onze Algemene voorwaarden:<\/p>\n\n\n\n<a href=\"\/wp-content\/uploads\/Bannister-Algemene-voorwaardendefinitief.pdf\" target=\"_blank\" class=\"button button--secondary\" rel=\"noopener\">Download in PDF formaat<\/a>\n","protected":false},"excerpt":{"rendered":"<p>1. Definities 1.1. \u00a0\u00a0\u00a0\u00a0 De dienstverlener van de prestaties (waaronder advies, bijstand, bemiddeling, onderhandelingen procedurevoering, e.d.m.) is Bannister BV (hierna \u2018Bannister\u2019 of \u2018het advocatenkantoor\u2019 of \u2018wij\u2019), een besloten vennootschap met beperkte aansprakelijkheid, met zetel te B-2000 (Antwerpen (Belgi\u00eb), Suikerrui 5, KBO 0543.311.054, telefoon +32 (0)3 369 28 00 , faxnummer +32 (0)3 369 28 01, [&hellip;]<\/p>\n","protected":false},"author":2,"featured_media":0,"parent":0,"menu_order":0,"comment_status":"closed","ping_status":"closed","template":"","meta":{"_acf_changed":false,"footnotes":""},"page-category":[25],"class_list":["post-1084","page","type-page","status-publish","hentry","page-category-legal"],"acf":[],"_links":{"self":[{"href":"https:\/\/assisenadvocaat.be\/fr\/wp-json\/wp\/v2\/pages\/1084","targetHints":{"allow":["GET"]}}],"collection":[{"href":"https:\/\/assisenadvocaat.be\/fr\/wp-json\/wp\/v2\/pages"}],"about":[{"href":"https:\/\/assisenadvocaat.be\/fr\/wp-json\/wp\/v2\/types\/page"}],"author":[{"embeddable":true,"href":"https:\/\/assisenadvocaat.be\/fr\/wp-json\/wp\/v2\/users\/2"}],"replies":[{"embeddable":true,"href":"https:\/\/assisenadvocaat.be\/fr\/wp-json\/wp\/v2\/comments?post=1084"}],"version-history":[{"count":6,"href":"https:\/\/assisenadvocaat.be\/fr\/wp-json\/wp\/v2\/pages\/1084\/revisions"}],"predecessor-version":[{"id":14836,"href":"https:\/\/assisenadvocaat.be\/fr\/wp-json\/wp\/v2\/pages\/1084\/revisions\/14836"}],"wp:attachment":[{"href":"https:\/\/assisenadvocaat.be\/fr\/wp-json\/wp\/v2\/media?parent=1084"}],"wp:term":[{"taxonomy":"page-category","embeddable":true,"href":"https:\/\/assisenadvocaat.be\/fr\/wp-json\/wp\/v2\/page-category?post=1084"}],"curies":[{"name":"wp","href":"https:\/\/api.w.org\/{rel}","templated":true}]}}